{"id":2466,"date":"2012-12-05T17:20:13","date_gmt":"2012-12-05T17:20:13","guid":{"rendered":"http:\/\/theme-fusion.com\/avadatest\/?page_id=2466"},"modified":"2016-03-30T07:59:12","modified_gmt":"2016-03-30T07:59:12","slug":"casto-kladene-otazky","status":"publish","type":"page","link":"https:\/\/appbook.sk\/en\/casto-kladene-otazky\/","title":{"rendered":"\u010casto kladen\u00e9 ot\u00e1zky"},"content":{"rendered":"","protected":false},"excerpt":{"rendered":"","protected":false},"author":1,"featured_media":0,"parent":0,"menu_order":0,"comment_status":"open","ping_status":"closed","template":"faqs.php","meta":[],"_links":{"self":[{"href":"https:\/\/appbook.sk\/en\/wp-json\/wp\/v2\/pages\/2466"}],"collection":[{"href":"https:\/\/appbook.sk\/en\/wp-json\/wp\/v2\/pages"}],"about":[{"href":"https:\/\/appbook.sk\/en\/wp-json\/wp\/v2\/types\/page"}],"author":[{"embeddable":true,"href":"https:\/\/appbook.sk\/en\/wp-json\/wp\/v2\/users\/1"}],"replies":[{"embeddable":true,"href":"https:\/\/appbook.sk\/en\/wp-json\/wp\/v2\/comments?post=2466"}],"version-history":[{"count":2,"href":"https:\/\/appbook.sk\/en\/wp-json\/wp\/v2\/pages\/2466\/revisions"}],"predecessor-version":[{"id":12059,"href":"https:\/\/appbook.sk\/en\/wp-json\/wp\/v2\/pages\/2466\/revisions\/12059"}],"wp:attachment":[{"href":"https:\/\/appbook.sk\/en\/wp-json\/wp\/v2\/media?parent=2466"}],"curies":[{"name":"wp","href":"https:\/\/api.w.org\/{rel}","templated":true}]}}